{"id":49,"date":"2025-10-13T13:48:22","date_gmt":"2025-10-13T13:48:22","guid":{"rendered":"https:\/\/californiaboogienight.pl\/?page_id=49"},"modified":"2025-10-20T11:24:56","modified_gmt":"2025-10-20T11:24:56","slug":"uslugi","status":"publish","type":"page","link":"https:\/\/californiaboogienight.pl\/witamy-w-california-boogie-night-studio\/uslugi\/","title":{"rendered":"Us\u0142ugi"},"content":{"rendered":"\t\t<div data-elementor-type=\"wp-page\" data-elementor-id=\"49\" class=\"elementor elementor-49\">\n\t\t\t\t<div class=\"elementor-element elementor-element-9a8f141 e-flex e-con-boxed e-con e-parent\" data-id=\"9a8f141\" data-element_type=\"container\">\n\t\t\t\t\t<div class=\"e-con-inner\">\n\t\t\t\t<div class=\"elementor-element elementor-element-abe3ea7 elementor-widget__width-initial elementor-widget elementor-widget-image\" data-id=\"abe3ea7\" data-element_type=\"widget\" data-widget_type=\"image.default\">\n\t\t\t\t\t\t\t\t\t\t\t\t\t\t\t<img fetchpriority=\"high\" decoding=\"async\" width=\"826\" height=\"762\" src=\"https:\/\/californiaboogienight.pl\/wp-content\/uploads\/2025\/10\/3877D873-29D4-46C4-B31D-41C368B818A0.jpg\" class=\"attachment-large size-large wp-image-102\" alt=\"\" srcset=\"https:\/\/californiaboogienight.pl\/wp-content\/uploads\/2025\/10\/3877D873-29D4-46C4-B31D-41C368B818A0.jpg 826w, https:\/\/californiaboogienight.pl\/wp-content\/uploads\/2025\/10\/3877D873-29D4-46C4-B31D-41C368B818A0-300x277.jpg 300w, https:\/\/californiaboogienight.pl\/wp-content\/uploads\/2025\/10\/3877D873-29D4-46C4-B31D-41C368B818A0-768x708.jpg 768w\" sizes=\"(max-width: 826px) 100vw, 826px\" \/>\t\t\t\t\t\t\t\t\t\t\t\t\t\t\t<\/div>\n\t\t\t\t<div class=\"elementor-element elementor-element-ac952e3 elementor-widget elementor-widget-text-editor\" data-id=\"ac952e3\" data-element_type=\"widget\" data-widget_type=\"text-editor.default\">\n\t\t\t\t\t\t\t\t\t<p>Us\u0142ugi wyceniamy indywidualnie<\/p><p>Je\u017celi potrzebujesz us\u0142ugi, kt\u00f3rej nie ma w cenniku <a href=\"https:\/\/californiaboogienight.pl\/formularz-kontaktowy\/\">napisz do nas<\/a><\/p>\t\t\t\t\t\t\t\t<\/div>\n\t\t\t\t\t<\/div>\n\t\t\t\t<\/div>\n\t\t\t\t<\/div>\n\t\t","protected":false},"excerpt":{"rendered":"<p>Us\u0142ugi wyceniamy indywidualnie Je\u017celi potrzebujesz us\u0142ugi, kt\u00f3rej nie ma w cenniku napisz do nas<\/p>\n","protected":false},"author":1,"featured_media":0,"parent":0,"menu_order":0,"comment_status":"closed","ping_status":"closed","template":"","meta":{"footnotes":""},"class_list":["post-49","page","type-page","status-publish","hentry"],"_links":{"self":[{"href":"https:\/\/californiaboogienight.pl\/witamy-w-california-boogie-night-studio\/wp-json\/wp\/v2\/pages\/49","targetHints":{"allow":["GET"]}}],"collection":[{"href":"https:\/\/californiaboogienight.pl\/witamy-w-california-boogie-night-studio\/wp-json\/wp\/v2\/pages"}],"about":[{"href":"https:\/\/californiaboogienight.pl\/witamy-w-california-boogie-night-studio\/wp-json\/wp\/v2\/types\/page"}],"author":[{"embeddable":true,"href":"https:\/\/californiaboogienight.pl\/witamy-w-california-boogie-night-studio\/wp-json\/wp\/v2\/users\/1"}],"replies":[{"embeddable":true,"href":"https:\/\/californiaboogienight.pl\/witamy-w-california-boogie-night-studio\/wp-json\/wp\/v2\/comments?post=49"}],"version-history":[{"count":43,"href":"https:\/\/californiaboogienight.pl\/witamy-w-california-boogie-night-studio\/wp-json\/wp\/v2\/pages\/49\/revisions"}],"predecessor-version":[{"id":165,"href":"https:\/\/californiaboogienight.pl\/witamy-w-california-boogie-night-studio\/wp-json\/wp\/v2\/pages\/49\/revisions\/165"}],"wp:attachment":[{"href":"https:\/\/californiaboogienight.pl\/witamy-w-california-boogie-night-studio\/wp-json\/wp\/v2\/media?parent=49"}],"curies":[{"name":"wp","href":"https:\/\/api.w.org\/{rel}","templated":true}]}}