{"id":136,"date":"2025-10-16T10:48:29","date_gmt":"2025-10-16T10:48:29","guid":{"rendered":"https:\/\/californiaboogienight.pl\/?page_id=136"},"modified":"2025-10-20T12:14:51","modified_gmt":"2025-10-20T12:14:51","slug":"formularz-kontaktowy","status":"publish","type":"page","link":"https:\/\/californiaboogienight.pl\/witamy-w-california-boogie-night-studio\/formularz-kontaktowy\/","title":{"rendered":"Formularz kontaktowy"},"content":{"rendered":"\t\t<div data-elementor-type=\"wp-page\" data-elementor-id=\"136\" class=\"elementor elementor-136\">\n\t\t\t\t<div class=\"elementor-element elementor-element-7256843 e-flex e-con-boxed e-con e-parent\" data-id=\"7256843\" data-element_type=\"container\">\n\t\t\t\t\t<div class=\"e-con-inner\">\n\t\t\t\t<div class=\"elementor-element elementor-element-b8dcd64 elementor-widget elementor-widget-shortcode\" data-id=\"b8dcd64\" data-element_type=\"widget\" data-widget_type=\"shortcode.default\">\n\t\t\t\t\t\t\t<div class=\"elementor-shortcode\"><div class=\"forminator-ui forminator-custom-form forminator-custom-form-118 forminator-design--material  forminator_ajax\" data-forminator-render=\"0\" data-form=\"forminator-module-118\" data-uid=\"69e508b0b09ab\"><br\/><\/div><form\n\t\t\t\tid=\"forminator-module-118\"\n\t\t\t\tclass=\"forminator-ui forminator-custom-form forminator-custom-form-118 forminator-design--material  forminator_ajax\"\n\t\t\t\tmethod=\"post\"\n\t\t\t\tdata-forminator-render=\"0\"\n\t\t\t\tdata-form-id=\"118\"\n\t\t\t\t\n\t\t\t\tdata-design=\"material\"\n\t\t\t\tdata-color-option=\"default\"\n\t\t\t\t\n\t\t\t\t\n\t\t\t\t\n\t\t\t\tdata-grid=\"open\"\n\t\t\t\tenctype=\"multipart\/form-data\"\n\t\t\t\t\n\t\t\t\tstyle=\"display: none;\"\n\t\t\t\t\n\t\t\t\tdata-uid=\"69e508b0b09ab\"\n\t\t\t><div role=\"alert\" aria-live=\"polite\" class=\"forminator-response-message forminator-error\" aria-hidden=\"true\"><\/div><div class=\"forminator-row\"><div id=\"name-1\" class=\"forminator-field-name forminator-col forminator-col-12 \"><div class=\"forminator-field\"><label for=\"forminator-field-name-1_69e508b0b09ab\" id=\"forminator-field-name-1_69e508b0b09ab-label\" class=\"forminator-label\">Imi\u0119 <span class=\"forminator-required\">*<\/span><\/label><input type=\"text\" name=\"name-1\" value=\"\" placeholder=\"\" id=\"forminator-field-name-1_69e508b0b09ab\" class=\"forminator-input forminator-name--field\" aria-required=\"true\" \/><\/div><\/div><\/div><div class=\"forminator-row\"><div id=\"email-1\" class=\"forminator-field-email forminator-col forminator-col-12 \"><div class=\"forminator-field\"><label for=\"forminator-field-email-1_69e508b0b09ab\" id=\"forminator-field-email-1_69e508b0b09ab-label\" class=\"forminator-label\">Adres e-mail <span class=\"forminator-required\">*<\/span><\/label><input type=\"email\" name=\"email-1\" value=\"\" placeholder=\"\" id=\"forminator-field-email-1_69e508b0b09ab\" class=\"forminator-input forminator-email--field\" data-required=\"true\" aria-required=\"true\" \/><\/div><\/div><\/div><div class=\"forminator-row\"><div id=\"phone-1\" class=\"forminator-field-phone forminator-col forminator-col-12 \"><div class=\"forminator-field\"><label for=\"forminator-field-phone-1_69e508b0b09ab\" id=\"forminator-field-phone-1_69e508b0b09ab-label\" class=\"forminator-label\">Numer telefonu<\/label><input type=\"text\" name=\"phone-1\" value=\"\" placeholder=\"\" id=\"forminator-field-phone-1_69e508b0b09ab\" class=\"forminator-input forminator-field--phone\" data-required=\"\" aria-required=\"false\" autocomplete=\"off\" \/><\/div><\/div><\/div><div class=\"forminator-row\"><div id=\"textarea-1\" class=\"forminator-field-textarea forminator-col forminator-col-12 \"><div class=\"forminator-field\"><label for=\"forminator-field-textarea-1_69e508b0b09ab\" id=\"forminator-field-textarea-1_69e508b0b09ab-label\" class=\"forminator-label\">Wiadomo\u015b\u0107<\/label><span id=\"forminator-field-textarea-1_69e508b0b09ab-description\" class=\"forminator-description\"><span data-limit=\"180\" data-type=\"characters\" data-editor=\"\">0 \/ 180<\/span><\/span><textarea name=\"textarea-1\" placeholder=\"\" id=\"forminator-field-textarea-1_69e508b0b09ab\" class=\"forminator-textarea\" rows=\"6\" style=\"min-height:140px;\" maxlength=\"180\" ><\/textarea><\/div><\/div><\/div><div class=\"forminator-row\"><div id=\"captcha-1\" class=\"forminator-field-captcha forminator-col forminator-col-12 \"><div class=\"forminator-captcha-left forminator-g-recaptcha recaptcha-invisible\" data-theme=\"light\" data-badge=\"inline\" data-sitekey=\"6LcoUOwrAAAAAFG4tgCUnR0MfYxUzxTObDTN5Imn\" data-size=\"invisible\"><\/div> <\/div><\/div><div class=\"forminator-row\"><div id=\"upload-1\" class=\"forminator-field-upload forminator-col forminator-col-12 \"><div class=\"forminator-field\"><label for=\"forminator-field-upload-1_69e508b0b09ab\" id=\"forminator-field-upload-1_69e508b0b09ab-label\" class=\"forminator-label\">Prze\u015blij plik<\/label><div class=\"forminator-file-upload \" data-element=\"upload-1_69e508b0b09ab\"><input type=\"file\" name=\"upload-1\" id=\"forminator-field-upload-1_69e508b0b09ab\" class=\"forminator-input-file\" accept=\".jpg,.jpeg,.jpe,.gif,.png,.bmp,.tiff,.tif,.webp,.avif,.ico,.heic,.heif,.heics,.heifs,.asf,.asx,.wmv,.wmx,.wm,.avi,.divx,.flv,.mov,.qt,.mpeg,.mpg,.mpe,.mp4,.m4v,.ogv,.webm,.mkv,.3gp,.3gpp,.3g2,.3gp2,.txt,.asc,.c,.cc,.h,.srt,.csv,.tsv,.ics,.rtx,.vtt,.mp3,.m4a,.m4b,.aac,.ra,.ram,.wav,.x-wav,.ogg,.oga,.flac,.mid,.midi,.wma,.wax,.mka,.rtf,.pdf,.class,.tar,.zip,.gz,.gzip,.7z,.psd,.xcf,.doc,.pot,.pps,.ppt,.wri,.xla,.xls,.xlt,.xlw,.mdb,.mpp,.docx,.docm,.dotx,.dotm,.xlsx,.xlsm,.xlsb,.xltx,.xltm,.xlam,.pptx,.pptm,.ppsx,.ppsm,.potx,.potm,.ppam,.sldx,.sldm,.onetoc,.onetoc2,.onetmp,.onepkg,.oxps,.xps,.odt,.odp,.ods,.odg,.odc,.odb,.odf,.wp,.wpd,.key,.numbers,.pages\" tabindex=\"-1\"><button id=\"forminator-field-upload-1_69e508b0b09ab_button\" class=\"forminator-button forminator-button-upload\" data-id=\"forminator-field-upload-1_69e508b0b09ab\">Wybierz plik<\/button><span data-empty-text=\"Nie wybrano \u017cadnego pliku\">Nie wybrano \u017cadnego pliku<\/span><button class=\"forminator-button-delete\" style=\"display: none;\"><i class=\"forminator-icon-close\" aria-hidden=\"true\"><\/i><span class=\"forminator-screen-reader-only\">Usu\u0144 przes\u0142any plik<\/span><\/button><\/div><\/div><\/div><\/div><input type=\"hidden\" name=\"referer_url\" value=\"\" \/><div class=\"forminator-row forminator-row-last\"><div class=\"forminator-col\"><div class=\"forminator-field\"><button class=\"forminator-button forminator-button-submit\"><span>Wy\u015blij<\/span><span aria-hidden=\"true\"><\/span><\/button><\/div><\/div><\/div><input type=\"hidden\" id=\"forminator_nonce\" name=\"forminator_nonce\" value=\"9cc840a353\" \/><input type=\"hidden\" name=\"_wp_http_referer\" value=\"\/witamy-w-california-boogie-night-studio\/wp-json\/wp\/v2\/pages\/136\" \/><input type=\"hidden\" name=\"form_id\" value=\"118\"><input type=\"hidden\" name=\"page_id\" value=\"136\"><input type=\"hidden\" name=\"form_type\" value=\"default\"><input type=\"hidden\" name=\"current_url\" value=\"https:\/\/californiaboogienight.pl\/witamy-w-california-boogie-night-studio\/formularz-kontaktowy\/\"><input type=\"hidden\" name=\"render_id\" value=\"0\"><input type=\"hidden\" name=\"action\" value=\"forminator_submit_form_custom-forms\"><\/form><\/div>\n\t\t\t\t\t\t<\/div>\n\t\t\t\t\t<\/div>\n\t\t\t\t<\/div>\n\t\t<div class=\"elementor-element elementor-element-68bf8cf e-flex e-con-boxed e-con e-parent\" data-id=\"68bf8cf\" data-element_type=\"container\">\n\t\t\t\t\t<div class=\"e-con-inner\">\n\t\t\t\t<div class=\"elementor-element elementor-element-7ee9d82 elementor-widget__width-initial elementor-widget elementor-widget-text-editor\" data-id=\"7ee9d82\" data-element_type=\"widget\" data-widget_type=\"text-editor.default\">\n\t\t\t\t\t\t\t\t\t<p>Je\u017celi formularz nie wy\u015bwietla si\u0119 prawid\u0142owo, spr\u00f3buj na innej przegl\u0105darce<\/p>\t\t\t\t\t\t\t\t<\/div>\n\t\t\t\t\t<\/div>\n\t\t\t\t<\/div>\n\t\t\t\t<\/div>\n\t\t","protected":false},"excerpt":{"rendered":"<p>Je\u017celi formularz nie wy\u015bwietla si\u0119 prawid\u0142owo, spr\u00f3buj na innej przegl\u0105darce<\/p>\n","protected":false},"author":1,"featured_media":0,"parent":0,"menu_order":0,"comment_status":"closed","ping_status":"closed","template":"","meta":{"footnotes":""},"class_list":["post-136","page","type-page","status-publish","hentry"],"_links":{"self":[{"href":"https:\/\/californiaboogienight.pl\/witamy-w-california-boogie-night-studio\/wp-json\/wp\/v2\/pages\/136","targetHints":{"allow":["GET"]}}],"collection":[{"href":"https:\/\/californiaboogienight.pl\/witamy-w-california-boogie-night-studio\/wp-json\/wp\/v2\/pages"}],"about":[{"href":"https:\/\/californiaboogienight.pl\/witamy-w-california-boogie-night-studio\/wp-json\/wp\/v2\/types\/page"}],"author":[{"embeddable":true,"href":"https:\/\/californiaboogienight.pl\/witamy-w-california-boogie-night-studio\/wp-json\/wp\/v2\/users\/1"}],"replies":[{"embeddable":true,"href":"https:\/\/californiaboogienight.pl\/witamy-w-california-boogie-night-studio\/wp-json\/wp\/v2\/comments?post=136"}],"version-history":[{"count":16,"href":"https:\/\/californiaboogienight.pl\/witamy-w-california-boogie-night-studio\/wp-json\/wp\/v2\/pages\/136\/revisions"}],"predecessor-version":[{"id":189,"href":"https:\/\/californiaboogienight.pl\/witamy-w-california-boogie-night-studio\/wp-json\/wp\/v2\/pages\/136\/revisions\/189"}],"wp:attachment":[{"href":"https:\/\/californiaboogienight.pl\/witamy-w-california-boogie-night-studio\/wp-json\/wp\/v2\/media?parent=136"}],"curies":[{"name":"wp","href":"https:\/\/api.w.org\/{rel}","templated":true}]}}